{"id":993,"date":"2026-02-23T17:53:02","date_gmt":"2026-02-23T17:53:02","guid":{"rendered":"https:\/\/waldorf-bielsko.edu.pl\/?page_id=993"},"modified":"2026-03-05T21:24:54","modified_gmt":"2026-03-05T21:24:54","slug":"993-2","status":"publish","type":"page","link":"https:\/\/waldorf-bielsko.edu.pl\/index.php\/993-2\/","title":{"rendered":"Ch\u00f3r Stowarzyszenia"},"content":{"rendered":"<p>[et_pb_section fb_built=&#8221;1&#8243; _builder_version=&#8221;4.27.5&#8243; _module_preset=&#8221;default&#8221; global_colors_info=&#8221;{}&#8221;][et_pb_row _builder_version=&#8221;4.27.5&#8243; _module_preset=&#8221;default&#8221; global_colors_info=&#8221;{}&#8221;][et_pb_column type=&#8221;4_4&#8243; _builder_version=&#8221;4.27.5&#8243; _module_preset=&#8221;default&#8221; global_colors_info=&#8221;{}&#8221;][et_pb_heading title=&#8221;Ch\u00f3r Stowarzyszenia &#8211; Waldorfissimo&#8221; _builder_version=&#8221;4.27.5&#8243; _module_preset=&#8221;default&#8221; title_font=&#8221;Roboto||||||||&#8221; title_font_size=&#8221;47px&#8221; global_colors_info=&#8221;{}&#8221;][\/et_pb_heading][\/et_pb_column][\/et_pb_row][\/et_pb_section][et_pb_section fb_built=&#8221;1&#8243; admin_label=&#8221;Feature&#8221; _builder_version=&#8221;4.27.4&#8243; _module_preset=&#8221;default&#8221; background_color=&#8221;#0074a3&#8243; background_image=&#8221;https:\/\/waldorf-bielsko.edu.pl\/wp-content\/uploads\/2025\/02\/high-school_22.png&#8221; background_size=&#8221;initial&#8221; background_position=&#8221;top_left&#8221; background_repeat=&#8221;repeat-x&#8221; custom_padding=&#8221;0px||0px||true|false&#8221; global_colors_info=&#8221;{}&#8221;][et_pb_row column_structure=&#8221;1_2,1_2&#8243; _builder_version=&#8221;4.16&#8243; _module_preset=&#8221;default&#8221; min_height=&#8221;742.4px&#8221; custom_padding=&#8221;0px||0px||true|false&#8221; global_colors_info=&#8221;{}&#8221;][et_pb_column type=&#8221;1_2&#8243; _builder_version=&#8221;4.16&#8243; _module_preset=&#8221;default&#8221; custom_padding=&#8221;100px||||false|false&#8221; custom_padding_tablet=&#8221;60px||||false|false&#8221; custom_padding_phone=&#8221;30px||30px||true|false&#8221; custom_padding_last_edited=&#8221;on|phone&#8221; global_colors_info=&#8221;{}&#8221;][et_pb_text _builder_version=&#8221;4.27.4&#8243; _module_preset=&#8221;003e9429-8e11-4d9e-968b-8881092bbf81&#8243; header_2_font=&#8221;Roboto|500|||||||&#8221; header_2_text_color=&#8221;#000000&#8243; header_2_font_size=&#8221;40px&#8221; header_2_line_height=&#8221;1.2em&#8221; custom_padding=&#8221;||0px|||&#8221; header_2_font_size_tablet=&#8221;30px&#8221; header_2_font_size_phone=&#8221;20px&#8221; header_2_font_size_last_edited=&#8221;on|desktop&#8221; locked=&#8221;off&#8221; global_colors_info=&#8221;{}&#8221;]<\/p>\n<h2><span style=\"color: #ffffff;\">Ch\u00f3r Stowarzyszenia Waldorfissimo<\/span><\/h2>\n<p>[\/et_pb_text][et_pb_accordion open_toggle_text_color=&#8221;#000000&#8243; open_toggle_background_color=&#8221;RGBA(0,0,0,0)&#8221; closed_toggle_background_color=&#8221;RGBA(0,0,0,0)&#8221; icon_color=&#8221;#000000&#8243; _builder_version=&#8221;4.27.4&#8243; _module_preset=&#8221;default&#8221; toggle_text_color=&#8221;#000000&#8243; toggle_level=&#8221;h4&#8243; toggle_font=&#8221;Roboto|500|||||||&#8221; toggle_line_height=&#8221;1.5em&#8221; body_text_color=&#8221;#000000&#8243; body_line_height=&#8221;1.8em&#8221; background_enable_color=&#8221;off&#8221; custom_margin=&#8221;||||false|false&#8221; custom_margin_tablet=&#8221;30px||||false|false&#8221; custom_margin_phone=&#8221;20px||||false|false&#8221; custom_margin_last_edited=&#8221;off|desktop&#8221; toggle_font_size_tablet=&#8221;16px&#8221; toggle_font_size_phone=&#8221;14px&#8221; toggle_font_size_last_edited=&#8221;on|phone&#8221; border_width_all=&#8221;0px&#8221; global_colors_info=&#8221;{}&#8221;][et_pb_accordion_item open=&#8221;on&#8221; _builder_version=&#8221;4.16&#8243; _module_preset=&#8221;default&#8221; custom_margin=&#8221;||0px||false|false&#8221; custom_padding=&#8221;|0px||0px|false|true&#8221; body_font_size_tablet=&#8221;&#8221; body_font_size_phone=&#8221;13px&#8221; body_font_size_last_edited=&#8221;on|phone&#8221; global_colors_info=&#8221;{}&#8221;]<\/p>\n<p><span style=\"color: #ffffff;\">Nasz ch\u00f3r powsta\u0142 przy plac\u00f3wkach o\u015bwiatowych, kt\u00f3re prowadzi Stowarzyszenie Wolna Szko\u0142a Waldorfska. Tworz\u0105 go Rodzice, Nauczyciele oraz Uczniowie Podstawowej Szko\u0142y Waldorfskiej im. C. K. Norwida oraz Liceum Waldorskiego, a tak\u017ce Przyjaciele zauroczeni muzyk\u0105 oraz nasz\u0105 pedagogik\u0105.<\/span><\/p>\n<p><span style=\"color: #ffffff;\">W ramach naszego ch\u00f3ru dzia\u0142a tak\u017ce sekcja muzyki dawnej.\u00a0<\/span><\/p>\n<p><span style=\"color: #ffffff;\">Ch\u00f3r\u00a0 o sobie:<\/span><\/p>\n<p><span style=\"color: #ffffff;\">Jeste\u015bmy grup\u0105 ludzi po\u0142\u0105czonych pasj\u0105 do muzyki, z kt\u00f3rej czerpiemy rado\u015b\u0107 i satysfakcj\u0119. Cechuje Nas pozytywna energia, odwaga oraz \u015bwietne brzmienie. Jeste\u015bmy w r\u00f3\u017cnym wieku i r\u00f3\u017cnie patrzymy na \u015bwiat, lecz wszyscy tworzymy barwny, zgrany i niepowtarzalny zesp\u00f3\u0142.<\/span><\/p>\n<p><span style=\"color: #ffffff;\">Napisz do nas na adres waldorfissimo@waldorf-bielsko.edu.pl<\/span><\/p>\n<div dir=\"auto\"><\/div>\n<p>[\/et_pb_accordion_item][et_pb_accordion_item title=&#8221;Dyrygentka&#8221; _builder_version=&#8221;4.16&#8243; _module_preset=&#8221;default&#8221; custom_margin=&#8221;||0px||false|false&#8221; custom_padding=&#8221;|0px||0px|false|true&#8221; global_colors_info=&#8221;{}&#8221; open=&#8221;off&#8221;]<\/p>\n<p style=\"text-align: justify;\"><span style=\"color: #ffffff;\">Ch\u00f3r prowadzi Pani Katarzyna Matuszek, kt\u00f3ra na co dzie\u0144 uczy matematyki w szkole. Jest autorytetem dla ch\u00f3rzyst\u00f3w, bo to dzi\u0119ki jej zaanga\u017cowaniu, energii i mi\u0142o\u015bci do harmonii nasz ch\u00f3r si\u0119 rozwija i brzmi coraz lepiej.<\/span><\/p>\n<div dir=\"auto\"><\/div>\n<p>[\/et_pb_accordion_item][et_pb_accordion_item title=&#8221;Do\u0142\u0105cz do ch\u00f3ru!&#8221; _builder_version=&#8221;4.16&#8243; _module_preset=&#8221;default&#8221; custom_margin=&#8221;||0px||false|false&#8221; custom_padding=&#8221;|0px||0px|false|true&#8221; global_colors_info=&#8221;{}&#8221; open=&#8221;off&#8221;]<\/p>\n<div dir=\"auto\"><span style=\"color: #ffffff;\">Jeste\u015b z okolicy i pasjonujesz si\u0119 muzyk\u0105? Masz troch\u0119 wolnego czasu i szukasz miejsca z niepowtarzaln\u0105 atmosfer\u0105?\u00a0<\/span><\/div>\n<div dir=\"auto\"><\/div>\n<div dir=\"auto\"><\/div>\n<div dir=\"auto\"><\/div>\n<div dir=\"auto\"><span style=\"color: #ffffff;\">Zapraszamy do Nas!<\/span><\/div>\n<div dir=\"auto\"><\/div>\n<div dir=\"auto\"><span style=\"color: #ffffff;\">Nasze pr\u00f3by odbywaj\u0105 si\u0119 w ka\u017cd\u0105 \u015brod\u0119 o godzinie 17.00 w budynku przy ulicy Pocztowej 18 w Bielsku-Bia\u0142ej.\u00a0\u00a0<\/span><\/div>\n<div dir=\"auto\"><\/div>\n<p>[\/et_pb_accordion_item][\/et_pb_accordion][et_pb_button button_text=&#8221;Dowiedz si\u0119 wi\u0119cej&#8221; button_alignment=&#8221;right&#8221; button_alignment_last_edited=&#8221;off|phone&#8221; _builder_version=&#8221;4.27.4&#8243; _module_preset=&#8221;ec1c8900-b8c6-4613-b437-dca1263aa061&#8243; custom_button=&#8221;on&#8221; button_text_size=&#8221;16px&#8221; button_text_color=&#8221;#000000&#8243; button_bg_color=&#8221;#FFFFFF&#8221; button_border_width=&#8221;0px&#8221; button_border_radius=&#8221;0px&#8221; button_font=&#8221;Roboto|700|||||||&#8221; custom_padding=&#8221;15px|30px|15px|30px|true|true&#8221; box_shadow_style=&#8221;preset3&#8243; box_shadow_vertical=&#8221;60px&#8221; box_shadow_blur=&#8221;60px&#8221; box_shadow_spread=&#8221;0px&#8221; box_shadow_color=&#8221;rgba(14,15,43,0.1)&#8221; locked=&#8221;off&#8221; global_colors_info=&#8221;{}&#8221;][\/et_pb_button][\/et_pb_column][et_pb_column type=&#8221;1_2&#8243; _builder_version=&#8221;4.16&#8243; _module_preset=&#8221;default&#8221; global_colors_info=&#8221;{}&#8221;][et_pb_image src=&#8221;https:\/\/waldorf-bielsko.edu.pl\/wp-content\/uploads\/2025\/03\/Screenshot_20250316_184146_Facebook-1.jpg&#8221; title_text=&#8221;Szkolny ch\u00f3r Waldorfissimo&#8221; _builder_version=&#8221;4.27.4&#8243; _module_preset=&#8221;default&#8221; min_height=&#8221;398.1px&#8221; custom_margin=&#8221;26px|-10vw|-4px||false|false&#8221; custom_margin_tablet=&#8221;|0%|||false|false&#8221; custom_margin_phone=&#8221;&#8221; custom_margin_last_edited=&#8221;on|tablet&#8221; custom_padding=&#8221;4px|0px|4px|||&#8221; locked=&#8221;off&#8221; global_colors_info=&#8221;{}&#8221;][\/et_pb_image][\/et_pb_column][\/et_pb_row][\/et_pb_section][et_pb_section fb_built=&#8221;1&#8243; admin_label=&#8221;Footer&#8221; _builder_version=&#8221;4.27.4&#8243; _module_preset=&#8221;default&#8221; background_color=&#8221;#008dad&#8221; custom_margin=&#8221;90px||||false|false&#8221; saved_tabs=&#8221;all&#8221; global_colors_info=&#8221;{}&#8221;][et_pb_row column_structure=&#8221;1_4,1_4,1_4,1_4&#8243; use_custom_gutter=&#8221;on&#8221; gutter_width=&#8221;1&#8243; make_equal=&#8221;on&#8221; _builder_version=&#8221;4.16&#8243; _module_preset=&#8221;default&#8221; max_width=&#8221;1440px&#8221; custom_margin=&#8221;-90px||||false|false&#8221; custom_padding=&#8221;0px||||false|false&#8221; global_colors_info=&#8221;{}&#8221;][et_pb_column type=&#8221;1_4&#8243; _builder_version=&#8221;4.16&#8243; _module_preset=&#8221;default&#8221; background_color=&#8221;#F5C966&#8243; background_image=&#8221;https:\/\/waldorf-bielsko.edu.pl\/wp-content\/uploads\/2025\/02\/high-school_17.png&#8221; background_size=&#8221;initial&#8221; background_position=&#8221;top_right&#8221; background_repeat=&#8221;repeat-y&#8221; custom_padding=&#8221;40px|40px|40px|20px|true|false&#8221; custom_padding_tablet=&#8221;40px||40px||true|false&#8221; custom_padding_phone=&#8221;30px|20px|30px|20px|true|true&#8221; custom_padding_last_edited=&#8221;off|desktop&#8221; global_colors_info=&#8221;{}&#8221;][et_pb_text _builder_version=&#8221;4.27.4&#8243; _module_preset=&#8221;5c989a74-8649-4b9a-a4a2-6d2b8ae2551c&#8221; header_4_font=&#8221;Roboto|700||on|||||&#8221; header_4_text_color=&#8221;rgba(255,255,255,0.5)&#8221; header_4_font_size=&#8221;12px&#8221; header_4_letter_spacing=&#8221;3px&#8221; header_4_line_height=&#8221;1.5em&#8221; custom_margin=&#8221;||0px||false|false&#8221; custom_margin_tablet=&#8221;30px||||false|false&#8221; custom_margin_phone=&#8221;20px||||false|false&#8221; custom_margin_last_edited=&#8221;off|desktop&#8221; locked=&#8221;off&#8221; global_colors_info=&#8221;{}&#8221;]<\/p>\n<h4>Godziny otwarcia sekretariat\u00f3w<\/h4>\n<p>[\/et_pb_text][et_pb_text _builder_version=&#8221;4.27.4&#8243; _module_preset=&#8221;c2a3d585-c259-4e5a-8faa-710c0e634348&#8243; text_font=&#8221;Roboto|500|||||||&#8221; text_text_color=&#8221;#FFFFFF&#8221; text_font_size=&#8221;16px&#8221; text_line_height=&#8221;1.6em&#8221; header_5_text_color=&#8221;#FFFFFF&#8221; header_5_line_height=&#8221;1.8em&#8221; text_font_size_tablet=&#8221;15px&#8221; text_font_size_phone=&#8221;14px&#8221; text_font_size_last_edited=&#8221;on|desktop&#8221; header_font_size_tablet=&#8221;55px&#8221; header_font_size_last_edited=&#8221;off|desktop&#8221; locked=&#8221;off&#8221; global_colors_info=&#8221;{}&#8221;]<\/p>\n<p>Poniedzia\u0142ek &#8211; \u015broda<br \/>07:00 &#8211; 15:00<\/p>\n<p>Czwartek 07:00 &#8211; 16:00<br \/>Pi\u0105tek 07:00 &#8211; 14:00<\/p>\n<p>Codzienna przerwa od 12:20 &#8211; 12:50<\/p>\n<p>[\/et_pb_text][\/et_pb_column][et_pb_column type=&#8221;1_4&#8243; _builder_version=&#8221;4.16&#8243; _module_preset=&#8221;default&#8221; background_color=&#8221;#F7827E&#8221; background_image=&#8221;https:\/\/waldorf-bielsko.edu.pl\/wp-content\/uploads\/2025\/02\/high-school_17.png&#8221; background_size=&#8221;initial&#8221; background_position=&#8221;top_right&#8221; background_repeat=&#8221;repeat-y&#8221; custom_padding=&#8221;40px|40px|40px|20px|true|false&#8221; global_colors_info=&#8221;{}&#8221;][et_pb_text _builder_version=&#8221;4.27.4&#8243; _module_preset=&#8221;5c989a74-8649-4b9a-a4a2-6d2b8ae2551c&#8221; header_4_font=&#8221;Roboto|700||on|||||&#8221; header_4_text_color=&#8221;rgba(255,255,255,0.5)&#8221; header_4_font_size=&#8221;12px&#8221; header_4_letter_spacing=&#8221;3px&#8221; header_4_line_height=&#8221;1.5em&#8221; custom_margin=&#8221;||0px||false|false&#8221; locked=&#8221;off&#8221; global_colors_info=&#8221;{}&#8221;]<\/p>\n<h4>Adres<\/h4>\n<p>[\/et_pb_text][et_pb_text _builder_version=&#8221;4.27.4&#8243; _module_preset=&#8221;c2a3d585-c259-4e5a-8faa-710c0e634348&#8243; text_font=&#8221;Roboto|500|||||||&#8221; text_text_color=&#8221;#FFFFFF&#8221; text_font_size=&#8221;16px&#8221; text_line_height=&#8221;1.6em&#8221; header_5_text_color=&#8221;#FFFFFF&#8221; header_5_line_height=&#8221;1.8em&#8221; text_font_size_tablet=&#8221;15px&#8221; text_font_size_phone=&#8221;14px&#8221; text_font_size_last_edited=&#8221;on|desktop&#8221; header_font_size_tablet=&#8221;55px&#8221; header_font_size_last_edited=&#8221;off|desktop&#8221; locked=&#8221;off&#8221; global_colors_info=&#8221;{}&#8221;]<\/p>\n<p>Szko\u0142a Podstawowa<br \/>ulica Pocztowa 22, 43-309 Bielsko-Bia\u0142a<\/p>\n<p>Liceum Og\u00f3lnokszta\u0142c\u0105ce<br \/>ulica Pocztowa 18, 43-309 Bielsko-Bia\u0142a<\/p>\n<p>[\/et_pb_text][\/et_pb_column][et_pb_column type=&#8221;1_4&#8243; _builder_version=&#8221;4.16&#8243; _module_preset=&#8221;default&#8221; background_color=&#8221;#1F3FA8&#8243; background_image=&#8221;https:\/\/waldorf-bielsko.edu.pl\/wp-content\/uploads\/2025\/02\/high-school_17.png&#8221; background_size=&#8221;initial&#8221; background_position=&#8221;top_right&#8221; background_repeat=&#8221;repeat-y&#8221; custom_padding=&#8221;40px|40px|40px|20px|true|false&#8221; global_colors_info=&#8221;{}&#8221;][et_pb_text _builder_version=&#8221;4.16&#8243; _module_preset=&#8221;5c989a74-8649-4b9a-a4a2-6d2b8ae2551c&#8221; header_4_font=&#8221;Roboto|700||on|||||&#8221; header_4_text_color=&#8221;rgba(255,255,255,0.5)&#8221; header_4_font_size=&#8221;12px&#8221; header_4_letter_spacing=&#8221;3px&#8221; header_4_line_height=&#8221;1.5em&#8221; custom_margin=&#8221;||0px||false|false&#8221; locked=&#8221;off&#8221; global_colors_info=&#8221;{}&#8221;]<\/p>\n<h4>Email<\/h4>\n<p>[\/et_pb_text][et_pb_text _builder_version=&#8221;4.27.4&#8243; _module_preset=&#8221;c2a3d585-c259-4e5a-8faa-710c0e634348&#8243; text_font=&#8221;Roboto|500|||||||&#8221; text_text_color=&#8221;#FFFFFF&#8221; text_font_size=&#8221;16px&#8221; text_line_height=&#8221;1.6em&#8221; link_text_color=&#8221;#FFFFFF&#8221; header_5_text_color=&#8221;#FFFFFF&#8221; header_5_line_height=&#8221;1.8em&#8221; text_font_size_tablet=&#8221;15px&#8221; text_font_size_phone=&#8221;14px&#8221; text_font_size_last_edited=&#8221;on|desktop&#8221; header_font_size_tablet=&#8221;55px&#8221; header_font_size_last_edited=&#8221;off|desktop&#8221; locked=&#8221;off&#8221; global_colors_info=&#8221;{}&#8221;]<\/p>\n<p><a href=\"mailto:sekretariat@waldorf-bielsko.edu.pl\">sekretariat@waldorf-bielsko.edu.pl<\/a><br \/><a href=\"mailto:sekretariat-liceum@waldorf-bielsko.edu.pl\">sekretariat-liceum@waldorf-bielsko.edu.pl<\/a><\/p>\n<p>&nbsp;<\/p>\n<p>[\/et_pb_text][\/et_pb_column][et_pb_column type=&#8221;1_4&#8243; _builder_version=&#8221;4.16&#8243; _module_preset=&#8221;default&#8221; background_color=&#8221;#62acac&#8221; background_image=&#8221;https:\/\/waldorf-bielsko.edu.pl\/wp-content\/uploads\/2025\/02\/high-school_17.png&#8221; background_size=&#8221;initial&#8221; background_position=&#8221;top_right&#8221; background_repeat=&#8221;repeat-y&#8221; custom_padding=&#8221;40px|40px|40px|20px|true|false&#8221; global_colors_info=&#8221;{}&#8221;][et_pb_text _builder_version=&#8221;4.27.4&#8243; _module_preset=&#8221;5c989a74-8649-4b9a-a4a2-6d2b8ae2551c&#8221; header_4_font=&#8221;Roboto|700||on|||||&#8221; header_4_text_color=&#8221;rgba(255,255,255,0.5)&#8221; header_4_font_size=&#8221;12px&#8221; header_4_letter_spacing=&#8221;3px&#8221; header_4_line_height=&#8221;1.5em&#8221; custom_margin=&#8221;||0px||false|false&#8221; custom_margin_last_edited=&#8221;off|desktop&#8221; locked=&#8221;off&#8221; global_colors_info=&#8221;{}&#8221;]<\/p>\n<h4>Telefon<\/h4>\n<p>[\/et_pb_text][et_pb_text _builder_version=&#8221;4.27.4&#8243; _module_preset=&#8221;c2a3d585-c259-4e5a-8faa-710c0e634348&#8243; text_font=&#8221;Roboto|500|||||||&#8221; text_text_color=&#8221;#FFFFFF&#8221; text_font_size=&#8221;16px&#8221; text_line_height=&#8221;1.6em&#8221; link_text_color=&#8221;#FFFFFF&#8221; header_5_text_color=&#8221;#FFFFFF&#8221; header_5_line_height=&#8221;1.8em&#8221; text_font_size_tablet=&#8221;15px&#8221; text_font_size_phone=&#8221;14px&#8221; text_font_size_last_edited=&#8221;on|desktop&#8221; header_font_size_tablet=&#8221;55px&#8221; header_font_size_last_edited=&#8221;off|desktop&#8221; locked=&#8221;off&#8221; global_colors_info=&#8221;{}&#8221;]<\/p>\n<p>Szko\u0142a Podstawowa 797 172 566; <span>33 810 13 93<\/span><\/p>\n<p>Liceum Og\u00f3lnokszta\u0142c\u0105ce 690 167 977<\/p>\n<p>[\/et_pb_text][\/et_pb_column][\/et_pb_row][et_pb_row column_structure=&#8221;1_4,1_4,1_4,1_4&#8243; _builder_version=&#8221;4.16&#8243; _module_preset=&#8221;default&#8221; global_colors_info=&#8221;{}&#8221;][et_pb_column type=&#8221;1_4&#8243; _builder_version=&#8221;4.16&#8243; _module_preset=&#8221;default&#8221; global_colors_info=&#8221;{}&#8221;][et_pb_image src=&#8221;https:\/\/waldorf-bielsko.edu.pl\/wp-content\/uploads\/2026\/03\/logoA4_szkola-1.png&#8221; title_text=&#8221;logoA4_szkola&#8221; _builder_version=&#8221;4.27.5&#8243; _module_preset=&#8221;default&#8221; hover_enabled=&#8221;0&#8243; global_colors_info=&#8221;{}&#8221; sticky_enabled=&#8221;0&#8243;][\/et_pb_image][\/et_pb_column][et_pb_column type=&#8221;1_4&#8243; _builder_version=&#8221;4.16&#8243; _module_preset=&#8221;default&#8221; global_colors_info=&#8221;{}&#8221;][et_pb_text _builder_version=&#8221;4.27.4&#8243; _module_preset=&#8221;5c989a74-8649-4b9a-a4a2-6d2b8ae2551c&#8221; header_4_font=&#8221;Roboto|700||on|||||&#8221; header_4_text_color=&#8221;#FFFFFF&#8221; header_4_font_size=&#8221;12px&#8221; header_4_letter_spacing=&#8221;3px&#8221; header_4_line_height=&#8221;1.5em&#8221; header_5_text_color=&#8221;#FFFFFF&#8221; custom_margin=&#8221;||0px||false|false&#8221; locked=&#8221;off&#8221; global_colors_info=&#8221;{}&#8221;]<\/p>\n<h4>Znajd\u017a nas<\/h4>\n<p>[\/et_pb_text][et_pb_text _builder_version=&#8221;4.27.4&#8243; _module_preset=&#8221;7262e956-c376-4aa6-9642-c413f71527d0&#8243; text_line_height=&#8221;1.8em&#8221; link_text_color=&#8221;#FFFFFF&#8221; link_line_height=&#8221;1.2em&#8221; custom_padding=&#8221;||0px|||&#8221; header_font_size_tablet=&#8221;55px&#8221; header_font_size_last_edited=&#8221;off|desktop&#8221; locked=&#8221;off&#8221; global_colors_info=&#8221;{}&#8221;]<\/p>\n<p><a href=\"https:\/\/www.facebook.com\/share\/15VAfzM1d3\/\">FB<\/a><br \/><a href=\"https:\/\/www.instagram.com\/waldorfbielsko?igsh=bjNiOGFpNTVhdXRk\">IG<\/a><\/p>\n<p>[\/et_pb_text][\/et_pb_column][et_pb_column type=&#8221;1_4&#8243; _builder_version=&#8221;4.16&#8243; _module_preset=&#8221;default&#8221; global_colors_info=&#8221;{}&#8221;][et_pb_text _builder_version=&#8221;4.27.4&#8243; _module_preset=&#8221;7262e956-c376-4aa6-9642-c413f71527d0&#8243; text_line_height=&#8221;1.8em&#8221; link_text_color=&#8221;#FFFFFF&#8221; link_line_height=&#8221;1.2em&#8221; custom_padding=&#8221;4px||0px|||&#8221; header_font_size_tablet=&#8221;55px&#8221; header_font_size_last_edited=&#8221;off|desktop&#8221; locked=&#8221;off&#8221; global_colors_info=&#8221;{}&#8221;][\/et_pb_text][\/et_pb_column][et_pb_column type=&#8221;1_4&#8243; _builder_version=&#8221;4.16&#8243; _module_preset=&#8221;default&#8221; global_colors_info=&#8221;{}&#8221;][\/et_pb_column][\/et_pb_row][\/et_pb_section]<\/p>\n","protected":false},"excerpt":{"rendered":"<p>Ch\u00f3r Stowarzyszenia WaldorfissimoNasz ch\u00f3r powsta\u0142 przy plac\u00f3wkach o\u015bwiatowych, kt\u00f3re prowadzi Stowarzyszenie Wolna Szko\u0142a Waldorfska. Tworz\u0105 go Rodzice, Nauczyciele oraz Uczniowie Podstawowej Szko\u0142y Waldorfskiej im. C. K. Norwida oraz Liceum Waldorskiego, a tak\u017ce Przyjaciele zauroczeni muzyk\u0105 oraz nasz\u0105 pedagogik\u0105. W ramach naszego ch\u00f3ru dzia\u0142a tak\u017ce sekcja muzyki dawnej.\u00a0 Ch\u00f3r\u00a0 o sobie: Jeste\u015bmy grup\u0105 ludzi po\u0142\u0105czonych pasj\u0105 [&hellip;]<\/p>\n","protected":false},"author":1,"featured_media":0,"parent":0,"menu_order":0,"comment_status":"closed","ping_status":"closed","template":"","meta":{"_et_pb_use_builder":"on","_et_pb_old_content":"","_et_gb_content_width":"","footnotes":""},"class_list":["post-993","page","type-page","status-publish","hentry"],"_links":{"self":[{"href":"https:\/\/waldorf-bielsko.edu.pl\/index.php\/wp-json\/wp\/v2\/pages\/993","targetHints":{"allow":["GET"]}}],"collection":[{"href":"https:\/\/waldorf-bielsko.edu.pl\/index.php\/wp-json\/wp\/v2\/pages"}],"about":[{"href":"https:\/\/waldorf-bielsko.edu.pl\/index.php\/wp-json\/wp\/v2\/types\/page"}],"author":[{"embeddable":true,"href":"https:\/\/waldorf-bielsko.edu.pl\/index.php\/wp-json\/wp\/v2\/users\/1"}],"replies":[{"embeddable":true,"href":"https:\/\/waldorf-bielsko.edu.pl\/index.php\/wp-json\/wp\/v2\/comments?post=993"}],"version-history":[{"count":4,"href":"https:\/\/waldorf-bielsko.edu.pl\/index.php\/wp-json\/wp\/v2\/pages\/993\/revisions"}],"predecessor-version":[{"id":1055,"href":"https:\/\/waldorf-bielsko.edu.pl\/index.php\/wp-json\/wp\/v2\/pages\/993\/revisions\/1055"}],"wp:attachment":[{"href":"https:\/\/waldorf-bielsko.edu.pl\/index.php\/wp-json\/wp\/v2\/media?parent=993"}],"curies":[{"name":"wp","href":"https:\/\/api.w.org\/{rel}","templated":true}]}}